{"id":21388,"date":"2023-07-05T15:25:12","date_gmt":"2023-07-05T08:25:12","guid":{"rendered":"https:\/\/www.imkar.com\/?page_id=21388"},"modified":"2026-02-26T10:36:31","modified_gmt":"2026-02-26T10:36:31","slug":"anasayfa","status":"publish","type":"page","link":"https:\/\/www.imkar.com\/en\/","title":{"rendered":"Anasayfa"},"content":{"rendered":"\t\t<div data-elementor-type=\"wp-page\" data-elementor-id=\"21388\" class=\"elementor elementor-21388\">\n\t\t\t\t<div class=\"elementor-element elementor-element-01a6367 e-flex e-con-boxed e-con e-parent\" data-id=\"01a6367\" data-element_type=\"container\" data-e-type=\"container\">\n\t\t\t\t\t<div class=\"e-con-inner\">\n\t\t\t\t<div class=\"elementor-element elementor-element-de1df97 elementor-widget elementor-widget-slider_revolution\" data-id=\"de1df97\" data-element_type=\"widget\" data-e-type=\"widget\" data-widget_type=\"slider_revolution.default\">\n\t\t\t\t<div class=\"elementor-widget-container\">\n\t\t\t\t\t\n\t\t<div class=\"wp-block-themepunch-revslider\">\n\t\t\t\t<p class=\"rs-p-wp-fix\"><\/p>\n\t\t\t\t<sr7-module data-alias=\"drone-2\" data-id=\"1\" id=\"SR7_1_1\" class=\"rs-ov-hidden\" data-version=\"6.7.25\">\n\t\t\t\t\t<sr7-adjuster><\/sr7-adjuster>\n\t\t\t\t\t<sr7-content>\n\t\t\t\t\t\t<sr7-slide id=\"SR7_1_1-3\" data-key=\"3\">\n\t\t\t\t\t\t\t<sr7-bg id=\"SR7_1_1-3-18\" class=\"sr7-layer\"><noscript><img decoding=\"async\" src=\"http:\/\/www.imkar.com\/wp-content\/uploads\/2025\/11\/imkar-slayt.jpg\" alt=\"\" title=\"imkar-slayt\"><\/noscript><\/sr7-bg>\n\t\t\t\t\t\t\t<sr7-txt id=\"SR7_1_1-3-1\" class=\"sr7-layer\">Enerjiyi Y\u00f6netin, Konforu Hissedin!<\/sr7-txt>\n\t\t\t\t\t\t\t<a id=\"SR7_1_1-3-5\" class=\"sr7-layer\" href=\"\/shop-2\/\" target=\"_blank\" rel=\"noopener\">\u00dcr\u00fcnlerimiz<\/a>\n\t\t\t\t\t\t\t<sr7-txt id=\"SR7_1_1-3-8\" class=\"sr7-layer\">Verimli G\u00fc\u00e7,\nUzun \u00d6m\u00fcrl\u00fc <br \/>\u00c7\u00f6z\u00fcmler<\/sr7-txt>\n\t\t\t\t\t\t<\/sr7-slide>\n\t\t\t\t\t\t<sr7-slide id=\"SR7_1_1-13\" data-key=\"13\">\n\t\t\t\t\t\t\t<sr7-bg id=\"SR7_1_1-13-18\" class=\"sr7-layer\"><noscript><img decoding=\"async\" src=\"http:\/\/www.imkar.com\/wp-content\/uploads\/2026\/02\/aurora-1.png\" alt=\"\" title=\"aurora\"><\/noscript><\/sr7-bg>\n\t\t\t\t\t\t\t<sr7-txt id=\"SR7_1_1-13-1\" class=\"sr7-layer\">\u0130mkar & Aurora: S\u0131cak Bir Ortakl\u0131k.<\/sr7-txt>\n\t\t\t\t\t\t\t<a id=\"SR7_1_1-13-5\" class=\"sr7-layer\" href=\"\/shop-2\/\" target=\"_blank\" rel=\"noopener\">\u00dcr\u00fcnlerimiz<\/a>\n\t\t\t\t\t\t\t<sr7-txt id=\"SR7_1_1-13-8\" class=\"sr7-layer\">S\u0131cakl\u0131\u011f\u0131n Modern Y\u00fcz\u00fc: Aurora \u00dcr\u00fcnleri \u015eimdi \u0130mkar\u2019da.<\/sr7-txt>\n\t\t\t\t\t\t<\/sr7-slide>\n\t\t\t\t\t\t<sr7-slide id=\"SR7_1_1-7\" data-key=\"7\">\n\t\t\t\t\t\t\t<sr7-txt id=\"SR7_1_1-7-1\" class=\"sr7-layer\">Daha Serin, Daha S\u0131cak, Daha Verimli!<\/sr7-txt>\n\t\t\t\t\t\t\t<a id=\"SR7_1_1-7-3\" class=\"sr7-layer\" href=\"\/hakkimizda\/\" target=\"_blank\" rel=\"noopener\">Hakk\u0131m\u0131zda<\/a>\n\t\t\t\t\t\t\t<a id=\"SR7_1_1-7-6\" class=\"sr7-layer\" href=\"https:\/\/www.imkar.com\/product-category\/accessories\/\" target=\"_blank\" rel=\"noopener\">\u0130leti\u015fim<\/a>\n\t\t\t\t\t\t\t<sr7-txt id=\"SR7_1_1-7-8\" class=\"sr7-layer\">Profesyonellerin\nTercihi<\/sr7-txt>\n\t\t\t\t\t\t<\/sr7-slide>\n\t\t\t\t\t\t<sr7-slide id=\"SR7_1_1-4\" data-key=\"4\">\n\t\t\t\t\t\t<\/sr7-slide>\n\t\t\t\t\t<\/sr7-content>\n\t\t\t\t\t<image_lists style=\"display:none\">\n\t\t\t\t\t\t<img data-src=\"\/\/www.imkar.com\/wp-content\/uploads\/2025\/11\/imkar-slayt.jpg\" data-libid=\"23057\" data-lib=\"medialibrary\" title=\"imkar-slayt\" width=\"0\" height=\"0\" data-dbsrc=\"Ly93d3cuaW1rYXIuY29tL3dwLWNvbnRlbnQvdXBsb2Fkcy8yMDI1LzExL2lta2FyLXNsYXl0LmpwZw==\"\/>\n\t\t\t\t\t\t<img data-src=\"\/\/www.imkar.com\/wp-content\/uploads\/2026\/02\/aurora-1.png\" data-libid=\"23166\" data-lib=\"medialibrary\" title=\"aurora\" width=\"0\" height=\"0\" data-dbsrc=\"Ly93d3cuaW1rYXIuY29tL3dwLWNvbnRlbnQvdXBsb2Fkcy8yMDI2LzAyL2F1cm9yYS0xLnBuZw==\"\/>\n\t\t\t\t\t<\/image_lists>\n\t\t\t\t<\/sr7-module>\n\t\t\t\t<script>\n\t\t\t\t\tSR7.PMH ??={}; SR7.PMH[\"SR7_1_1\"] = {cn:100,state:false,fn: function() { if (_tpt!==undefined && _tpt.prepareModuleHeight !== undefined) {  _tpt.prepareModuleHeight({id:\"SR7_1_1\",el:[800,800,481,440,500],type:'standard',shdw:'0',gh:[800,800,482,366,226],gw:[1700,1700,1024,778,480],vpt:['-100px'],size:{fullWidth:true, fullHeight:false},mh:'0',onh:0,onw:0,bg:{color:'{\"type\":\"solid\",\"orig\":\"#000000\",\"string\":\"rgba(0, 0, 0, 1)\"}'},plType:'7',plColor:'#FFFFFF'});   SR7.PMH[\"SR7_1_1\"].state=true;} else if(SR7.PMH[\"SR7_1_1\"].cn-->0)\tsetTimeout( SR7.PMH[\"SR7_1_1\"].fn,19);}};SR7.PMH[\"SR7_1_1\" ].fn();\n\t\t\t\t<\/script>\n<\/div>\n\n\t\t\t\t\t\t<\/div>\n\t\t\t\t<\/div>\n\t\t\t\t\t<\/div>\n\t\t\t\t<\/div>\n\t\t<div class=\"elementor-element elementor-element-d27a2f7 e-flex e-con-boxed e-con e-parent\" data-id=\"d27a2f7\" data-element_type=\"container\" data-e-type=\"container\">\n\t\t\t\t\t<div class=\"e-con-inner\">\n\t\t\t\t<div class=\"elementor-element elementor-element-8f8ece8 elementor-widget elementor-widget-ts-product-categories\" data-id=\"8f8ece8\" data-element_type=\"widget\" data-e-type=\"widget\" data-widget_type=\"ts-product-categories.default\">\n\t\t\t\t<div class=\"elementor-widget-container\">\n\t\t\t\t\t\t\t\t<div class=\"ts-product-category-wrapper ts-product ts-shortcode woocommerce columns-5 title-default grid style-vertical  limit-5\" >\n\t\t\t\t\n\t\t\t\t\t\t\t\t<header class=\"shortcode-heading-wrapper\">\n\t\t\t\t\t\n\t\t\t\t\t\t\t\t\t\t<h2 class=\"shortcode-title\">\n\t\t\t\t\t\t\u00dcr\u00fcnlerimiz\t\t\t\t\t<\/h2>\n\t\t\t\t\t\t\t\t\t\t\n\t\t\t\t\t\t\t\t\t\t\n\t\t\t\t<\/header>\n\t\t\t\t\t\t\t\t\n\t\t\t\t<div class=\"content-wrapper \">\n\t\t\t\t\t<div class=\"products\"><section class=\"product-category product first\">\n\t\n\t<div class=\"product-wrapper\">\n\n\t\t\t\t\n\t\t<a href=\"https:\/\/www.imkar.com\/en\/product-category\/elektrikli-isitici\/\">\n\t\t<img fetchpriority=\"high\" decoding=\"async\" src=\"https:\/\/www.imkar.com\/wp-content\/uploads\/2025\/04\/urun-1-700x700.png\" alt=\"Elektrikli Is\u0131t\u0131c\u0131\" width=\"600\" height=\"600\" srcset=\"https:\/\/www.imkar.com\/wp-content\/uploads\/2025\/04\/urun-1-700x700.png 700w, https:\/\/www.imkar.com\/wp-content\/uploads\/2025\/04\/urun-1-300x300.png 300w, https:\/\/www.imkar.com\/wp-content\/uploads\/2025\/04\/urun-1-1024x1024.png 1024w, https:\/\/www.imkar.com\/wp-content\/uploads\/2025\/04\/urun-1-150x150.png 150w, https:\/\/www.imkar.com\/wp-content\/uploads\/2025\/04\/urun-1-768x768.png 768w, https:\/\/www.imkar.com\/wp-content\/uploads\/2025\/04\/urun-1-340x340.png 340w, https:\/\/www.imkar.com\/wp-content\/uploads\/2025\/04\/urun-1-120x120.png 120w, https:\/\/www.imkar.com\/wp-content\/uploads\/2025\/04\/urun-1-12x12.png 12w, https:\/\/www.imkar.com\/wp-content\/uploads\/2025\/04\/urun-1-600x600.png 600w, https:\/\/www.imkar.com\/wp-content\/uploads\/2025\/04\/urun-1-1000x1000.png 1000w, https:\/\/www.imkar.com\/wp-content\/uploads\/2025\/04\/urun-1-100x100.png 100w, https:\/\/www.imkar.com\/wp-content\/uploads\/2025\/04\/urun-1-46x46.png 46w, https:\/\/www.imkar.com\/wp-content\/uploads\/2025\/04\/urun-1.png 1200w\" sizes=\"(max-width: 700px) 100vw, 700px\" \/>\t\t<\/a>\n\t\t\n\t\t<div class=\"meta-wrapper\">\n\t\t\n\t\t\t<div class=\"category-name\">\n\t\t\t\t\t\t\t\t<h3 class=\"heading-title\">\n\t\t\t\t\t<a href=\"https:\/\/www.imkar.com\/en\/product-category\/elektrikli-isitici\/\">\n\t\t\t\t\t\tElektrikli Is\u0131t\u0131c\u0131\t\t\t\t\t<\/a>\n\t\t\t\t<\/h3>\n\t\t\t\t\t\t\t\t\t\t\t<\/div>\n\t\t<\/div>\n\t\t\n\t\t\n\t\t\t<\/div>\n\n<\/section><section class=\"product-category product\">\n\t\n\t<div class=\"product-wrapper\">\n\n\t\t\t\t\n\t\t<a href=\"https:\/\/www.imkar.com\/en\/product-category\/eliktrikli-klimalar\/\">\n\t\t<img loading=\"lazy\" decoding=\"async\" src=\"https:\/\/www.imkar.com\/wp-content\/uploads\/2025\/05\/cift-fan-700x700.png\" alt=\"Elektrikli Klima\" width=\"600\" height=\"600\" srcset=\"https:\/\/www.imkar.com\/wp-content\/uploads\/2025\/05\/cift-fan-700x700.png 700w, https:\/\/www.imkar.com\/wp-content\/uploads\/2025\/05\/cift-fan-300x300.png 300w, https:\/\/www.imkar.com\/wp-content\/uploads\/2025\/05\/cift-fan-1024x1024.png 1024w, https:\/\/www.imkar.com\/wp-content\/uploads\/2025\/05\/cift-fan-150x150.png 150w, https:\/\/www.imkar.com\/wp-content\/uploads\/2025\/05\/cift-fan-768x768.png 768w, https:\/\/www.imkar.com\/wp-content\/uploads\/2025\/05\/cift-fan-340x340.png 340w, https:\/\/www.imkar.com\/wp-content\/uploads\/2025\/05\/cift-fan-120x120.png 120w, https:\/\/www.imkar.com\/wp-content\/uploads\/2025\/05\/cift-fan-12x12.png 12w, https:\/\/www.imkar.com\/wp-content\/uploads\/2025\/05\/cift-fan-600x600.png 600w, https:\/\/www.imkar.com\/wp-content\/uploads\/2025\/05\/cift-fan-1000x1000.png 1000w, https:\/\/www.imkar.com\/wp-content\/uploads\/2025\/05\/cift-fan-100x100.png 100w, https:\/\/www.imkar.com\/wp-content\/uploads\/2025\/05\/cift-fan-46x46.png 46w, https:\/\/www.imkar.com\/wp-content\/uploads\/2025\/05\/cift-fan.png 1200w\" sizes=\"(max-width: 700px) 100vw, 700px\" \/>\t\t<\/a>\n\t\t\n\t\t<div class=\"meta-wrapper\">\n\t\t\n\t\t\t<div class=\"category-name\">\n\t\t\t\t\t\t\t\t<h3 class=\"heading-title\">\n\t\t\t\t\t<a href=\"https:\/\/www.imkar.com\/en\/product-category\/eliktrikli-klimalar\/\">\n\t\t\t\t\t\tElektrikli Klima\t\t\t\t\t<\/a>\n\t\t\t\t<\/h3>\n\t\t\t\t\t\t\t\t\t\t\t<\/div>\n\t\t<\/div>\n\t\t\n\t\t\n\t\t\t<\/div>\n\n<\/section><section class=\"product-category product\">\n\t\n\t<div class=\"product-wrapper\">\n\n\t\t\t\t\n\t\t<a href=\"https:\/\/www.imkar.com\/en\/product-category\/dizel-isitici\/\">\n\t\t<img loading=\"lazy\" decoding=\"async\" src=\"https:\/\/www.imkar.com\/wp-content\/uploads\/2025\/05\/dizel-isitici-700x700.png\" alt=\"Dizel Is\u0131t\u0131c\u0131\" width=\"600\" height=\"600\" srcset=\"https:\/\/www.imkar.com\/wp-content\/uploads\/2025\/05\/dizel-isitici-700x700.png 700w, https:\/\/www.imkar.com\/wp-content\/uploads\/2025\/05\/dizel-isitici-300x300.png 300w, https:\/\/www.imkar.com\/wp-content\/uploads\/2025\/05\/dizel-isitici-1024x1024.png 1024w, https:\/\/www.imkar.com\/wp-content\/uploads\/2025\/05\/dizel-isitici-150x150.png 150w, https:\/\/www.imkar.com\/wp-content\/uploads\/2025\/05\/dizel-isitici-768x768.png 768w, https:\/\/www.imkar.com\/wp-content\/uploads\/2025\/05\/dizel-isitici-340x340.png 340w, https:\/\/www.imkar.com\/wp-content\/uploads\/2025\/05\/dizel-isitici-120x120.png 120w, https:\/\/www.imkar.com\/wp-content\/uploads\/2025\/05\/dizel-isitici-12x12.png 12w, https:\/\/www.imkar.com\/wp-content\/uploads\/2025\/05\/dizel-isitici-600x600.png 600w, https:\/\/www.imkar.com\/wp-content\/uploads\/2025\/05\/dizel-isitici-1000x1000.png 1000w, https:\/\/www.imkar.com\/wp-content\/uploads\/2025\/05\/dizel-isitici-100x100.png 100w, https:\/\/www.imkar.com\/wp-content\/uploads\/2025\/05\/dizel-isitici-46x46.png 46w, https:\/\/www.imkar.com\/wp-content\/uploads\/2025\/05\/dizel-isitici.png 1200w\" sizes=\"(max-width: 700px) 100vw, 700px\" \/>\t\t<\/a>\n\t\t\n\t\t<div class=\"meta-wrapper\">\n\t\t\n\t\t\t<div class=\"category-name\">\n\t\t\t\t\t\t\t\t<h3 class=\"heading-title\">\n\t\t\t\t\t<a href=\"https:\/\/www.imkar.com\/en\/product-category\/dizel-isitici\/\">\n\t\t\t\t\t\tDizel Is\u0131t\u0131c\u0131\t\t\t\t\t<\/a>\n\t\t\t\t<\/h3>\n\t\t\t\t\t\t\t\t\t\t\t<\/div>\n\t\t<\/div>\n\t\t\n\t\t\n\t\t\t<\/div>\n\n<\/section><section class=\"product-category product\">\n\t\n\t<div class=\"product-wrapper\">\n\n\t\t\t\t\n\t\t<a href=\"https:\/\/www.imkar.com\/en\/product-category\/isitma-sogutma\/\">\n\t\t<img loading=\"lazy\" decoding=\"async\" src=\"https:\/\/www.imkar.com\/wp-content\/uploads\/2025\/05\/isitma-sogutma-48-80-700x700.png\" alt=\"Is\u0131tma ve So\u011futma\" width=\"600\" height=\"600\" srcset=\"https:\/\/www.imkar.com\/wp-content\/uploads\/2025\/05\/isitma-sogutma-48-80-700x700.png 700w, https:\/\/www.imkar.com\/wp-content\/uploads\/2025\/05\/isitma-sogutma-48-80-300x300.png 300w, https:\/\/www.imkar.com\/wp-content\/uploads\/2025\/05\/isitma-sogutma-48-80-1024x1024.png 1024w, https:\/\/www.imkar.com\/wp-content\/uploads\/2025\/05\/isitma-sogutma-48-80-150x150.png 150w, https:\/\/www.imkar.com\/wp-content\/uploads\/2025\/05\/isitma-sogutma-48-80-768x768.png 768w, https:\/\/www.imkar.com\/wp-content\/uploads\/2025\/05\/isitma-sogutma-48-80-340x340.png 340w, https:\/\/www.imkar.com\/wp-content\/uploads\/2025\/05\/isitma-sogutma-48-80-120x120.png 120w, https:\/\/www.imkar.com\/wp-content\/uploads\/2025\/05\/isitma-sogutma-48-80-12x12.png 12w, https:\/\/www.imkar.com\/wp-content\/uploads\/2025\/05\/isitma-sogutma-48-80-600x600.png 600w, https:\/\/www.imkar.com\/wp-content\/uploads\/2025\/05\/isitma-sogutma-48-80-1000x1000.png 1000w, https:\/\/www.imkar.com\/wp-content\/uploads\/2025\/05\/isitma-sogutma-48-80-100x100.png 100w, https:\/\/www.imkar.com\/wp-content\/uploads\/2025\/05\/isitma-sogutma-48-80-46x46.png 46w, https:\/\/www.imkar.com\/wp-content\/uploads\/2025\/05\/isitma-sogutma-48-80.png 1200w\" sizes=\"(max-width: 700px) 100vw, 700px\" \/>\t\t<\/a>\n\t\t\n\t\t<div class=\"meta-wrapper\">\n\t\t\n\t\t\t<div class=\"category-name\">\n\t\t\t\t\t\t\t\t<h3 class=\"heading-title\">\n\t\t\t\t\t<a href=\"https:\/\/www.imkar.com\/en\/product-category\/isitma-sogutma\/\">\n\t\t\t\t\t\tIs\u0131tma ve So\u011futma\t\t\t\t\t<\/a>\n\t\t\t\t<\/h3>\n\t\t\t\t\t\t\t\t\t\t\t<\/div>\n\t\t<\/div>\n\t\t\n\t\t\n\t\t\t<\/div>\n\n<\/section><section class=\"product-category product last\">\n\t\n\t<div class=\"product-wrapper\">\n\n\t\t\t\t\n\t\t<a href=\"https:\/\/www.imkar.com\/en\/product-category\/aurora\/\">\n\t\t<img loading=\"lazy\" decoding=\"async\" src=\"https:\/\/www.imkar.com\/wp-content\/uploads\/2026\/02\/aurora-logo.png\" alt=\"Aurora\" width=\"600\" height=\"600\" srcset=\"https:\/\/www.imkar.com\/wp-content\/uploads\/2026\/02\/aurora-logo.png 300w, https:\/\/www.imkar.com\/wp-content\/uploads\/2026\/02\/aurora-logo-150x150.png 150w, https:\/\/www.imkar.com\/wp-content\/uploads\/2026\/02\/aurora-logo-120x120.png 120w, https:\/\/www.imkar.com\/wp-content\/uploads\/2026\/02\/aurora-logo-12x12.png 12w, https:\/\/www.imkar.com\/wp-content\/uploads\/2026\/02\/aurora-logo-100x100.png 100w, https:\/\/www.imkar.com\/wp-content\/uploads\/2026\/02\/aurora-logo-46x46.png 46w\" sizes=\"(max-width: 300px) 100vw, 300px\" \/>\t\t<\/a>\n\t\t\n\t\t<div class=\"meta-wrapper\">\n\t\t\n\t\t\t<div class=\"category-name\">\n\t\t\t\t\t\t\t\t<h3 class=\"heading-title\">\n\t\t\t\t\t<a href=\"https:\/\/www.imkar.com\/en\/product-category\/aurora\/\">\n\t\t\t\t\t\tAurora\t\t\t\t\t<\/a>\n\t\t\t\t<\/h3>\n\t\t\t\t\t\t\t\t\t\t\t<\/div>\n\t\t<\/div>\n\t\t\n\t\t\n\t\t\t<\/div>\n\n<\/section><\/div>\t\t\t\t<\/div>\n\t\t\t\t\n\t\t\t\t\t\t\t\t\n\t\t\t<\/div>\n\t\t\t\t\t\t<\/div>\n\t\t\t\t<\/div>\n\t\t\t\t\t<\/div>\n\t\t\t\t<\/div>\n\t\t<div class=\"elementor-element elementor-element-f077735 elementor-hidden-desktop elementor-hidden-laptop elementor-hidden-tablet_extra elementor-hidden-tablet elementor-hidden-mobile e-flex e-con-boxed e-con e-parent\" data-id=\"f077735\" data-element_type=\"container\" data-e-type=\"container\" data-settings=\"{&quot;background_background&quot;:&quot;classic&quot;}\">\n\t\t\t\t\t<div class=\"e-con-inner\">\n\t\t<div class=\"elementor-element elementor-element-ed26b14 e-flex e-con-boxed e-con e-child\" data-id=\"ed26b14\" data-element_type=\"container\" data-e-type=\"container\" data-settings=\"{&quot;background_background&quot;:&quot;classic&quot;}\">\n\t\t\t\t\t<div class=\"e-con-inner\">\n\t\t\t\t<div class=\"elementor-element elementor-element-4cd994b elementor-widget elementor-widget-heading\" data-id=\"4cd994b\" data-element_type=\"widget\" data-e-type=\"widget\" data-widget_type=\"heading.default\">\n\t\t\t\t<div class=\"elementor-widget-container\">\n\t\t\t\t\t<h2 class=\"elementor-heading-title elementor-size-default\">\u0130klim Dengesiyle <br> \nMaksimum Konfor<\/h2>\t\t\t\t<\/div>\n\t\t\t\t<\/div>\n\t\t<div class=\"elementor-element elementor-element-5a47f3d e-con-full e-flex e-con e-child\" data-id=\"5a47f3d\" data-element_type=\"container\" data-e-type=\"container\">\n\t\t\t\t<div class=\"elementor-element elementor-element-c429e54 elementor-widget elementor-widget-button\" data-id=\"c429e54\" data-element_type=\"widget\" data-e-type=\"widget\" data-widget_type=\"button.default\">\n\t\t\t\t<div class=\"elementor-widget-container\">\n\t\t\t\t\t\t\t\t\t<div class=\"elementor-button-wrapper\">\n\t\t\t\t\t<a class=\"elementor-button elementor-button-link elementor-size-md\" href=\"\/shop-2\/\">\n\t\t\t\t\t\t<span class=\"elementor-button-content-wrapper\">\n\t\t\t\t\t\t\t\t\t<span class=\"elementor-button-text\">\u00dcr\u00fcnlerimiz<\/span>\n\t\t\t\t\t<\/span>\n\t\t\t\t\t<\/a>\n\t\t\t\t<\/div>\n\t\t\t\t\t\t\t\t<\/div>\n\t\t\t\t<\/div>\n\t\t\t\t<div class=\"elementor-element elementor-element-177a40c elementor-widget elementor-widget-button\" data-id=\"177a40c\" data-element_type=\"widget\" data-e-type=\"widget\" data-widget_type=\"button.default\">\n\t\t\t\t<div class=\"elementor-widget-container\">\n\t\t\t\t\t\t\t\t\t<div class=\"elementor-button-wrapper\">\n\t\t\t\t\t<a class=\"elementor-button elementor-button-link elementor-size-md\" href=\"\/hakkimizda\/\">\n\t\t\t\t\t\t<span class=\"elementor-button-content-wrapper\">\n\t\t\t\t\t\t\t\t\t<span class=\"elementor-button-text\">Hakk\u0131m\u0131zda<\/span>\n\t\t\t\t\t<\/span>\n\t\t\t\t\t<\/a>\n\t\t\t\t<\/div>\n\t\t\t\t\t\t\t\t<\/div>\n\t\t\t\t<\/div>\n\t\t\t\t<div class=\"elementor-element elementor-element-855eee1 elementor-widget elementor-widget-button\" data-id=\"855eee1\" data-element_type=\"widget\" data-e-type=\"widget\" data-widget_type=\"button.default\">\n\t\t\t\t<div class=\"elementor-widget-container\">\n\t\t\t\t\t\t\t\t\t<div class=\"elementor-button-wrapper\">\n\t\t\t\t\t<a class=\"elementor-button elementor-button-link elementor-size-md\" href=\"\/iletisim\/\">\n\t\t\t\t\t\t<span class=\"elementor-button-content-wrapper\">\n\t\t\t\t\t\t\t\t\t<span class=\"elementor-button-text\">\u0130leti\u015fim<\/span>\n\t\t\t\t\t<\/span>\n\t\t\t\t\t<\/a>\n\t\t\t\t<\/div>\n\t\t\t\t\t\t\t\t<\/div>\n\t\t\t\t<\/div>\n\t\t\t\t<\/div>\n\t\t\t\t\t<\/div>\n\t\t\t\t<\/div>\n\t\t\t\t\t<\/div>\n\t\t\t\t<\/div>\n\t\t<div class=\"elementor-element elementor-element-7902674 e-flex e-con-boxed e-con e-parent\" data-id=\"7902674\" data-element_type=\"container\" data-e-type=\"container\">\n\t\t\t\t\t<div class=\"e-con-inner\">\n\t\t\t\t<div class=\"elementor-element elementor-element-e33741d elementor-widget elementor-widget-ts-products\" data-id=\"e33741d\" data-element_type=\"widget\" data-e-type=\"widget\" data-widget_type=\"ts-products.default\">\n\t\t\t\t<div class=\"elementor-widget-container\">\n\t\t\t\t\t\t\t\t<div class=\"ts-elementor-lazy-load type-product title-default\">\n\t\t\t\t\t\t\t<div class=\"placeholder-widget-title\"><\/div>\n\t\t\t\t\t\t\t\t\n\t\t\t\t<div class=\"placeholder-items columns-5 is-slider\" style=\"--lazy-cols: 5\">\n\t\t\t\t\t\t\t\t\t<div class=\"placeholder-item\">\n\t\t\t\t\t\t<div class=\"placeholder-thumb\"><\/div>\n\t\t\t\t\t\t\t\t\t\t\t\t\t<div class=\"placeholder-title\"><\/div>\n\t\t\t\t\t\t\t\t\t\t\t\t\t\t\t<div class=\"placeholder-subtitle\"><\/div>\n\t\t\t\t\t\t\t\t\t\t\t\t\t\t\t\t\t\t<\/div>\n\t\t\t\t\t\t\t\t\t<div class=\"placeholder-item\">\n\t\t\t\t\t\t<div class=\"placeholder-thumb\"><\/div>\n\t\t\t\t\t\t\t\t\t\t\t\t\t<div class=\"placeholder-title\"><\/div>\n\t\t\t\t\t\t\t\t\t\t\t\t\t\t\t<div class=\"placeholder-subtitle\"><\/div>\n\t\t\t\t\t\t\t\t\t\t\t\t\t\t\t\t\t\t<\/div>\n\t\t\t\t\t\t\t\t\t<div class=\"placeholder-item\">\n\t\t\t\t\t\t<div class=\"placeholder-thumb\"><\/div>\n\t\t\t\t\t\t\t\t\t\t\t\t\t<div class=\"placeholder-title\"><\/div>\n\t\t\t\t\t\t\t\t\t\t\t\t\t\t\t<div class=\"placeholder-subtitle\"><\/div>\n\t\t\t\t\t\t\t\t\t\t\t\t\t\t\t\t\t\t<\/div>\n\t\t\t\t\t\t\t\t\t<div class=\"placeholder-item\">\n\t\t\t\t\t\t<div class=\"placeholder-thumb\"><\/div>\n\t\t\t\t\t\t\t\t\t\t\t\t\t<div class=\"placeholder-title\"><\/div>\n\t\t\t\t\t\t\t\t\t\t\t\t\t\t\t<div class=\"placeholder-subtitle\"><\/div>\n\t\t\t\t\t\t\t\t\t\t\t\t\t\t\t\t\t\t<\/div>\n\t\t\t\t\t\t\t\t\t<div class=\"placeholder-item\">\n\t\t\t\t\t\t<div class=\"placeholder-thumb\"><\/div>\n\t\t\t\t\t\t\t\t\t\t\t\t\t<div class=\"placeholder-title\"><\/div>\n\t\t\t\t\t\t\t\t\t\t\t\t\t\t\t<div class=\"placeholder-subtitle\"><\/div>\n\t\t\t\t\t\t\t\t\t\t\t\t\t\t\t\t\t\t<\/div>\n\t\t\t\t\t\t\t\t<\/div>\n\t\t\t<\/div>\n\t\t\t\t\t\t\t<\/div>\n\t\t\t\t<\/div>\n\t\t\t\t\t<\/div>\n\t\t\t\t<\/div>\n\t\t<div class=\"elementor-element elementor-element-8b01616 e-flex e-con-boxed e-con e-parent\" data-id=\"8b01616\" data-element_type=\"container\" data-e-type=\"container\">\n\t\t\t\t\t<div class=\"e-con-inner\">\n\t\t\t\t<div class=\"elementor-element elementor-element-9674d8a elementor-widget elementor-widget-ts-blogs\" data-id=\"9674d8a\" data-element_type=\"widget\" data-e-type=\"widget\" data-widget_type=\"ts-blogs.default\">\n\t\t\t\t<div class=\"elementor-widget-container\">\n\t\t\t\t\t\t\t\t<div class=\"ts-elementor-lazy-load type-blog title-default\">\n\t\t\t\t\t\t\t<div class=\"placeholder-widget-title\"><\/div>\n\t\t\t\t\t\t\t\t\n\t\t\t\t<div class=\"placeholder-items columns-4 is-slider\" style=\"--lazy-cols: 4\">\n\t\t\t\t\t\t\t\t\t<div class=\"placeholder-item\">\n\t\t\t\t\t\t<div class=\"placeholder-thumb\"><\/div>\n\t\t\t\t\t\t\t\t\t\t\t\t\t<div class=\"placeholder-title\"><\/div>\n\t\t\t\t\t\t\t\t\t\t\t\t\t\t\t<div class=\"placeholder-subtitle\"><\/div>\n\t\t\t\t\t\t\t\t\t\t\t\t\t\t\t\t\t\t<\/div>\n\t\t\t\t\t\t\t\t\t<div class=\"placeholder-item\">\n\t\t\t\t\t\t<div class=\"placeholder-thumb\"><\/div>\n\t\t\t\t\t\t\t\t\t\t\t\t\t<div class=\"placeholder-title\"><\/div>\n\t\t\t\t\t\t\t\t\t\t\t\t\t\t\t<div class=\"placeholder-subtitle\"><\/div>\n\t\t\t\t\t\t\t\t\t\t\t\t\t\t\t\t\t\t<\/div>\n\t\t\t\t\t\t\t\t\t<div class=\"placeholder-item\">\n\t\t\t\t\t\t<div class=\"placeholder-thumb\"><\/div>\n\t\t\t\t\t\t\t\t\t\t\t\t\t<div class=\"placeholder-title\"><\/div>\n\t\t\t\t\t\t\t\t\t\t\t\t\t\t\t<div class=\"placeholder-subtitle\"><\/div>\n\t\t\t\t\t\t\t\t\t\t\t\t\t\t\t\t\t\t<\/div>\n\t\t\t\t\t\t\t\t\t<div class=\"placeholder-item\">\n\t\t\t\t\t\t<div class=\"placeholder-thumb\"><\/div>\n\t\t\t\t\t\t\t\t\t\t\t\t\t<div class=\"placeholder-title\"><\/div>\n\t\t\t\t\t\t\t\t\t\t\t\t\t\t\t<div class=\"placeholder-subtitle\"><\/div>\n\t\t\t\t\t\t\t\t\t\t\t\t\t\t\t\t\t\t<\/div>\n\t\t\t\t\t\t\t\t<\/div>\n\t\t\t<\/div>\n\t\t\t\t\t\t\t<\/div>\n\t\t\t\t<\/div>\n\t\t\t\t\t<\/div>\n\t\t\t\t<\/div>\n\t\t\t\t<\/div>\n\t\t","protected":false},"excerpt":{"rendered":"<p>\u00dcr\u00fcnlerimiz Elektrikli Is\u0131t\u0131c\u0131 Elektrikli Klima Dizel Is\u0131t\u0131c\u0131 Is\u0131tma ve So\u011futma Aurora \u0130klim Dengesiyle Maksimum Konfor \u00dcr\u00fcnlerimiz Hakk\u0131m\u0131zda \u0130leti\u015fim \u00dcr\u00fcnlerimiz Wishlist Quick viewDevam\u0131n\u0131 oku AURORA ZEMIN ALTI ISITICI EHU-K-11500 Devam\u0131n\u0131 oku Wishlist Wishlist Quick viewDevam\u0131n\u0131 oku AURORA M\u0130N\u0130 H 410 Devam\u0131n\u0131 oku Wishlist Wishlist Quick viewDevam\u0131n\u0131 oku AURORA OSCAR 8000 Devam\u0131n\u0131 oku Wishlist Wishlist Quick viewDevam\u0131n\u0131 [&hellip;]<\/p>\n","protected":false},"author":1,"featured_media":0,"parent":0,"menu_order":0,"comment_status":"closed","ping_status":"closed","template":"","meta":{"footnotes":""},"class_list":["post-21388","page","type-page","status-publish","hentry"],"_links":{"self":[{"href":"https:\/\/www.imkar.com\/en\/wp-json\/wp\/v2\/pages\/21388","targetHints":{"allow":["GET"]}}],"collection":[{"href":"https:\/\/www.imkar.com\/en\/wp-json\/wp\/v2\/pages"}],"about":[{"href":"https:\/\/www.imkar.com\/en\/wp-json\/wp\/v2\/types\/page"}],"author":[{"embeddable":true,"href":"https:\/\/www.imkar.com\/en\/wp-json\/wp\/v2\/users\/1"}],"replies":[{"embeddable":true,"href":"https:\/\/www.imkar.com\/en\/wp-json\/wp\/v2\/comments?post=21388"}],"version-history":[{"count":162,"href":"https:\/\/www.imkar.com\/en\/wp-json\/wp\/v2\/pages\/21388\/revisions"}],"predecessor-version":[{"id":23188,"href":"https:\/\/www.imkar.com\/en\/wp-json\/wp\/v2\/pages\/21388\/revisions\/23188"}],"wp:attachment":[{"href":"https:\/\/www.imkar.com\/en\/wp-json\/wp\/v2\/media?parent=21388"}],"curies":[{"name":"wp","href":"https:\/\/api.w.org\/{rel}","templated":true}]}}