{"id":22851,"date":"2025-05-02T10:53:56","date_gmt":"2025-05-02T10:53:56","guid":{"rendered":"https:\/\/www.imkar.com\/?post_type=product&#038;p=22851"},"modified":"2026-02-03T12:58:52","modified_gmt":"2026-02-03T12:58:52","slug":"manuel-dijital-paneli","status":"publish","type":"product","link":"https:\/\/www.imkar.com\/en\/product\/manuel-dijital-paneli\/","title":{"rendered":"\u0130MKAR D\u0130ZEL ISITICI"},"content":{"rendered":"<table width=\"353\">\n<tbody>\n<tr>\n<td width=\"124\"><\/td>\n<td width=\"117\">2 Kw Dizel Is\u0131t\u0131c\u0131<\/td>\n<td width=\"112\">5 Kw Dizel Is\u0131t\u0131c\u0131<\/td>\n<\/tr>\n<tr>\n<td>A\u011f\u0131rl\u0131k<\/td>\n<td>2.8 Kg<\/td>\n<td>4.5 Kg<\/td>\n<\/tr>\n<tr>\n<td>Boyutlar<\/td>\n<td>310*115*122<\/td>\n<td>376*140*150<\/td>\n<\/tr>\n<tr>\n<td>Is\u0131 De\u011feri<\/td>\n<td>2.8 Kw<\/td>\n<td>5 Kw<\/td>\n<\/tr>\n<tr>\n<td>S\u0131cak Hava Hacmi<\/td>\n<td>90 M\/h<\/td>\n<td>150 M\/h<\/td>\n<\/tr>\n<tr>\n<td>G\u00fc\u00e7 T\u00fcketimi<\/td>\n<td>36W<\/td>\n<td>50W<\/td>\n<\/tr>\n<tr>\n<td>Yak\u0131t T\u00fcketimi<\/td>\n<td>0.36L\/h<\/td>\n<td>0.50 L\/h<\/td>\n<\/tr>\n<\/tbody>\n<\/table>","protected":false},"excerpt":{"rendered":"<p>2 Kw Dizel Is\u0131t\u0131c\u0131 5 Kw Dizel Is\u0131t\u0131c\u0131 A\u011f\u0131rl\u0131k 2.8 Kg 4.5 Kg Boyutlar 310*115*122 376*140*150 Is\u0131 De\u011feri 2.8 Kw 5 Kw S\u0131cak Hava Hacmi 90 M\/h 150 M\/h G\u00fc\u00e7 T\u00fcketimi 36W 50W Yak\u0131t T\u00fcketimi 0.36L\/h 0.50 L\/h<\/p>","protected":false},"featured_media":23087,"comment_status":"open","ping_status":"closed","template":"","meta":[],"product_brand":[],"product_cat":[93],"product_tag":[],"class_list":{"0":"post-22851","1":"product","2":"type-product","3":"status-publish","4":"has-post-thumbnail","6":"product_cat-dizel-isitici","8":"first","9":"instock","10":"taxable","11":"shipping-taxable","12":"product-type-simple","13":"add-to-wishlist-after_add_to_cart"},"_links":{"self":[{"href":"https:\/\/www.imkar.com\/en\/wp-json\/wp\/v2\/product\/22851","targetHints":{"allow":["GET"]}}],"collection":[{"href":"https:\/\/www.imkar.com\/en\/wp-json\/wp\/v2\/product"}],"about":[{"href":"https:\/\/www.imkar.com\/en\/wp-json\/wp\/v2\/types\/product"}],"replies":[{"embeddable":true,"href":"https:\/\/www.imkar.com\/en\/wp-json\/wp\/v2\/comments?post=22851"}],"wp:featuredmedia":[{"embeddable":true,"href":"https:\/\/www.imkar.com\/en\/wp-json\/wp\/v2\/media\/23087"}],"wp:attachment":[{"href":"https:\/\/www.imkar.com\/en\/wp-json\/wp\/v2\/media?parent=22851"}],"wp:term":[{"taxonomy":"product_brand","embeddable":true,"href":"https:\/\/www.imkar.com\/en\/wp-json\/wp\/v2\/product_brand?post=22851"},{"taxonomy":"product_cat","embeddable":true,"href":"https:\/\/www.imkar.com\/en\/wp-json\/wp\/v2\/product_cat?post=22851"},{"taxonomy":"product_tag","embeddable":true,"href":"https:\/\/www.imkar.com\/en\/wp-json\/wp\/v2\/product_tag?post=22851"}],"curies":[{"name":"wp","href":"https:\/\/api.w.org\/{rel}","templated":true}]}}