{"id":22859,"date":"2025-05-02T11:44:00","date_gmt":"2025-05-02T11:44:00","guid":{"rendered":"https:\/\/www.imkar.com\/?post_type=product&#038;p=22859"},"modified":"2026-02-03T13:04:50","modified_gmt":"2026-02-03T13:04:50","slug":"dizel-isitici-fan-motoru-12-24v","status":"publish","type":"product","link":"https:\/\/www.imkar.com\/en\/product\/dizel-isitici-fan-motoru-12-24v\/","title":{"rendered":"\u0130MKAR SP 2600"},"content":{"rendered":"<table width=\"285\">\n<tbody>\n<tr>\n<td width=\"142\">So\u011futma Kapasitesi<\/td>\n<td width=\"143\">9660BTU\/Saat<\/td>\n<\/tr>\n<tr>\n<td><\/td>\n<td><\/td>\n<\/tr>\n<tr>\n<td>Voltaj Se\u00e7enekleri<\/td>\n<td>12V, 24V, 48V, 80V DC<\/td>\n<\/tr>\n<tr>\n<td><\/td>\n<td><\/td>\n<\/tr>\n<tr>\n<td>G\u00fc\u00e7 T\u00fcketimi (Max)<\/td>\n<td>1000W<\/td>\n<\/tr>\n<tr>\n<td><\/td>\n<td><\/td>\n<\/tr>\n<tr>\n<td>Ak\u0131m T\u00fcketimi (Max)<\/td>\n<td>70A,35A,18A,12A<\/td>\n<\/tr>\n<tr>\n<td><\/td>\n<td><\/td>\n<\/tr>\n<tr>\n<td>Kompres\u00f6r Tipi<\/td>\n<td>\u00a0Wortex<\/td>\n<\/tr>\n<tr>\n<td><\/td>\n<td><\/td>\n<\/tr>\n<tr>\n<td>So\u011futucu Gaz Tipi<\/td>\n<td>\u00a0R134a<\/td>\n<\/tr>\n<tr>\n<td><\/td>\n<td><\/td>\n<\/tr>\n<tr>\n<td>\u00dcr\u00fcn\u00fcn d\u0131\u015f \u00f6l\u00e7\u00fcleri<\/td>\n<td>\u00a038cm x 14cm x 56 cm<\/td>\n<\/tr>\n<tr>\n<td><\/td>\n<td><\/td>\n<\/tr>\n<tr>\n<td>\u00dcr\u00fcn\u00fcn i\u00e7 \u00f6l\u00e7\u00fcleri<\/td>\n<td>20cm x 19cm x 44 cm<\/td>\n<\/tr>\n<tr>\n<td><\/td>\n<td><\/td>\n<\/tr>\n<tr>\n<td>A\u011f\u0131rl\u0131k<\/td>\n<td>30 kg<\/td>\n<\/tr>\n<tr>\n<td><\/td>\n<td><\/td>\n<\/tr>\n<tr>\n<td>\u00c7al\u0131\u015fma S\u0131cakl\u0131\u011f\u0131<\/td>\n<td>\u00a0[-20\u00b0C ila +55\u00b0C]<\/td>\n<\/tr>\n<tr>\n<td><\/td>\n<td><\/td>\n<\/tr>\n<tr>\n<td>Yo\u011fu\u015fmal\u0131 Fan Debisi<\/td>\n<td>2600m\u00b3\/h<\/td>\n<\/tr>\n<tr>\n<td><\/td>\n<td><\/td>\n<\/tr>\n<tr>\n<td>Evaporat\u00f6r Fan Debisi<\/td>\n<td>1200m\u00b3\/h<\/td>\n<\/tr>\n<\/tbody>\n<\/table>\n","protected":false},"excerpt":{"rendered":"<p>So\u011futma Kapasitesi 9660BTU\/Saat Voltaj Se\u00e7enekleri 12V, 24V, 48V, 80V DC G\u00fc\u00e7 T\u00fcketimi (Max) 1000W Ak\u0131m T\u00fcketimi (Max) 70A,35A,18A,12A Kompres\u00f6r Tipi \u00a0Wortex So\u011futucu Gaz Tipi \u00a0R134a \u00dcr\u00fcn\u00fcn d\u0131\u015f \u00f6l\u00e7\u00fcleri \u00a038cm x 14cm x 56 cm \u00dcr\u00fcn\u00fcn i\u00e7 \u00f6l\u00e7\u00fcleri 20cm x 19cm x 44 cm A\u011f\u0131rl\u0131k 30 kg \u00c7al\u0131\u015fma S\u0131cakl\u0131\u011f\u0131 \u00a0[-20\u00b0C ila +55\u00b0C] Yo\u011fu\u015fmal\u0131 Fan Debisi 2600m\u00b3\/h [&hellip;]<\/p>\n","protected":false},"featured_media":23083,"comment_status":"open","ping_status":"closed","template":"","meta":[],"product_brand":[],"product_cat":[92,95,80],"product_tag":[],"class_list":{"0":"post-22859","1":"product","2":"type-product","3":"status-publish","4":"has-post-thumbnail","6":"product_cat-elektrikli-isitici","7":"product_cat-eliktrikli-klimalar","8":"product_cat-isitma-sogutma","10":"first","11":"instock","12":"taxable","13":"shipping-taxable","14":"product-type-simple","15":"add-to-wishlist-after_add_to_cart"},"_links":{"self":[{"href":"https:\/\/www.imkar.com\/en\/wp-json\/wp\/v2\/product\/22859","targetHints":{"allow":["GET"]}}],"collection":[{"href":"https:\/\/www.imkar.com\/en\/wp-json\/wp\/v2\/product"}],"about":[{"href":"https:\/\/www.imkar.com\/en\/wp-json\/wp\/v2\/types\/product"}],"replies":[{"embeddable":true,"href":"https:\/\/www.imkar.com\/en\/wp-json\/wp\/v2\/comments?post=22859"}],"wp:featuredmedia":[{"embeddable":true,"href":"https:\/\/www.imkar.com\/en\/wp-json\/wp\/v2\/media\/23083"}],"wp:attachment":[{"href":"https:\/\/www.imkar.com\/en\/wp-json\/wp\/v2\/media?parent=22859"}],"wp:term":[{"taxonomy":"product_brand","embeddable":true,"href":"https:\/\/www.imkar.com\/en\/wp-json\/wp\/v2\/product_brand?post=22859"},{"taxonomy":"product_cat","embeddable":true,"href":"https:\/\/www.imkar.com\/en\/wp-json\/wp\/v2\/product_cat?post=22859"},{"taxonomy":"product_tag","embeddable":true,"href":"https:\/\/www.imkar.com\/en\/wp-json\/wp\/v2\/product_tag?post=22859"}],"curies":[{"name":"wp","href":"https:\/\/api.w.org\/{rel}","templated":true}]}}