{"id":22890,"date":"2025-05-03T13:17:00","date_gmt":"2025-05-03T13:17:00","guid":{"rendered":"https:\/\/www.imkar.com\/?post_type=product&#038;p=22890"},"modified":"2026-02-26T10:22:01","modified_gmt":"2026-02-26T10:22:01","slug":"ehu-k-11500","status":"publish","type":"product","link":"https:\/\/www.imkar.com\/en\/product\/ehu-k-11500\/","title":{"rendered":"AURORA ZEMIN ALTI ISITICI EHU-K-11500"},"content":{"rendered":"<p class=\"cvGsUA direction-ltr align-justify para-style-body\"><span class=\"a_GcMg font-feature-liga-off font-feature-clig-off font-feature-calt-off text-decoration-none text-strikethrough-none\">AURORA&#8217;n\u0131n ALTI ALTI ISITICISI EHU-K, otob\u00fcslerin \u0131s\u0131tmas\u0131 ve havaland\u0131rmas\u0131 i\u00e7in yerle\u015fik bir model olarak kullan\u0131labilir. Hem d\u0131\u015f hem de sirk\u00fclen hava ile \u00e7al\u0131\u015f\u0131rken, <\/span><span class=\"a_GcMg font-feature-liga-off font-feature-clig-off font-feature-calt-off text-decoration-none text-strikethrough-none\">EHU&#8217;<\/span><span class=\"a_GcMg font-feature-liga-off font-feature-clig-off font-feature-calt-off text-decoration-none text-strikethrough-none\">nun yeniden dola\u015f\u0131ml\u0131 hava se\u00e7ene\u011fi, so\u011futma s\u0131ras\u0131nda i\u00e7 havay\u0131 nemlendirmek i\u00e7in \u00f6zellikle avantajl\u0131d\u0131r. <\/span><span class=\"a_GcMg font-feature-liga-off font-feature-clig-off font-feature-calt-off text-decoration-none text-strikethrough-none\">EHU-K <\/span><span class=\"a_GcMg font-feature-liga-off font-feature-clig-off font-feature-calt-off text-decoration-none text-strikethrough-none\">ayr\u0131ca performans\u0131 art\u0131rmak ve a\u011f\u0131rl\u0131\u011f\u0131 azaltmak i\u00e7in al\u00fcminyum d\u00fcz boru \u0131s\u0131 de\u011fi\u015ftirici teknolojisi kullan\u0131r<\/span><\/p>","protected":false},"excerpt":{"rendered":"<p>AURORA&#8217;n\u0131n ALTI ALTI ISITICISI EHU-K, otob\u00fcslerin \u0131s\u0131tmas\u0131 ve havaland\u0131rmas\u0131 i\u00e7in yerle\u015fik bir model olarak kullan\u0131labilir. Hem d\u0131\u015f hem de sirk\u00fclen hava ile \u00e7al\u0131\u015f\u0131rken, EHU&#8217;nun yeniden dola\u015f\u0131ml\u0131 hava se\u00e7ene\u011fi, so\u011futma s\u0131ras\u0131nda i\u00e7 havay\u0131 nemlendirmek i\u00e7in \u00f6zellikle avantajl\u0131d\u0131r. EHU-K ayr\u0131ca performans\u0131 art\u0131rmak ve a\u011f\u0131rl\u0131\u011f\u0131 azaltmak i\u00e7in al\u00fcminyum d\u00fcz boru \u0131s\u0131 de\u011fi\u015ftirici teknolojisi kullan\u0131r<\/p>","protected":false},"featured_media":23067,"comment_status":"open","ping_status":"closed","template":"","meta":[],"product_brand":[],"product_cat":[105],"product_tag":[],"class_list":{"0":"post-22890","1":"product","2":"type-product","3":"status-publish","4":"has-post-thumbnail","6":"product_cat-aurora","8":"first","9":"instock","10":"taxable","11":"shipping-taxable","12":"product-type-simple","13":"add-to-wishlist-after_add_to_cart"},"_links":{"self":[{"href":"https:\/\/www.imkar.com\/en\/wp-json\/wp\/v2\/product\/22890","targetHints":{"allow":["GET"]}}],"collection":[{"href":"https:\/\/www.imkar.com\/en\/wp-json\/wp\/v2\/product"}],"about":[{"href":"https:\/\/www.imkar.com\/en\/wp-json\/wp\/v2\/types\/product"}],"replies":[{"embeddable":true,"href":"https:\/\/www.imkar.com\/en\/wp-json\/wp\/v2\/comments?post=22890"}],"wp:featuredmedia":[{"embeddable":true,"href":"https:\/\/www.imkar.com\/en\/wp-json\/wp\/v2\/media\/23067"}],"wp:attachment":[{"href":"https:\/\/www.imkar.com\/en\/wp-json\/wp\/v2\/media?parent=22890"}],"wp:term":[{"taxonomy":"product_brand","embeddable":true,"href":"https:\/\/www.imkar.com\/en\/wp-json\/wp\/v2\/product_brand?post=22890"},{"taxonomy":"product_cat","embeddable":true,"href":"https:\/\/www.imkar.com\/en\/wp-json\/wp\/v2\/product_cat?post=22890"},{"taxonomy":"product_tag","embeddable":true,"href":"https:\/\/www.imkar.com\/en\/wp-json\/wp\/v2\/product_tag?post=22890"}],"curies":[{"name":"wp","href":"https:\/\/api.w.org\/{rel}","templated":true}]}}